{"id":2120,"date":"2024-08-08T04:51:12","date_gmt":"2024-08-08T11:51:12","guid":{"rendered":"https:\/\/nimskyacademy.com\/about\/"},"modified":"2024-10-29T08:10:24","modified_gmt":"2024-10-29T15:10:24","slug":"about","status":"publish","type":"page","link":"https:\/\/nimskyacademy.com\/de\/about\/?lang=de","title":{"rendered":"\u00dcber"},"content":{"rendered":"<div data-elementor-type=\"wp-page\" data-elementor-id=\"2120\" class=\"elementor elementor-2120 elementor-2115\">\n\t\t\t\t\t\t<section class=\"elementor-section elementor-top-section elementor-element elementor-element-47cfe1ea elementor-section-full_width elementor-section-stretched elementor-section-height-default elementor-section-height-default parallax_section_no qode_elementor_container_no\" data-id=\"47cfe1ea\" data-element_type=\"section\" data-settings=\"{&quot;stretch_section&quot;:&quot;section-stretched&quot;}\">\n\t\t\t\t\t\t<div class=\"elementor-container elementor-column-gap-no\">\n\t\t\t\t\t<div class=\"elementor-column elementor-col-100 elementor-top-column elementor-element elementor-element-333cb67a\" data-id=\"333cb67a\" data-element_type=\"column\">\n\t\t\t<div class=\"elementor-widget-wrap elementor-element-populated\">\n\t\t\t\t\t\t<div class=\"elementor-element elementor-element-3db6631 elementor-widget elementor-widget-slider_revolution\" data-id=\"3db6631\" data-element_type=\"widget\" data-widget_type=\"slider_revolution.default\">\n\t\t\t\t<div class=\"elementor-widget-container\">\n\t\t\t\t\t\r\n\t\t<div class=\"wp-block-themepunch-revslider\">\n\t\t\t<!-- START \u00dcber REVOLUTION SLIDER 6.6.12 --><p class=\"rs-p-wp-fix\"><\/p>\n\t\t\t<rs-module-wrap id=\"rev_slider_12_1_wrapper\" data-source=\"gallery\" style=\"visibility:hidden;background:transparent;padding:0;margin:0px auto;margin-top:0;margin-bottom:0;\">\n\t\t\t\t<rs-module id=\"rev_slider_12_1\" style=\"\" data-version=\"6.6.12\">\n\t\t\t\t\t<rs-slides style=\"overflow: hidden; position: absolute;\">\n\t\t\t\t\t\t<rs-slide style=\"position: absolute;\" data-key=\"rs-22\" data-title=\"Slide\" data-in=\"o:0;\" data-out=\"a:false;\">\n\t\t\t\t\t\t\t<img fetchpriority=\"high\" decoding=\"async\" src=\"\/\/nimskyacademy.com\/wp-content\/plugins\/revslider\/public\/assets\/assets\/dummy.png\" alt=\"Slide\" width=\"2560\" height=\"1348\" class=\"rev-slidebg tp-rs-img rs-lazyload\" data-lazyload=\"\/\/nimskyacademy.com\/wp-content\/plugins\/revslider\/public\/assets\/assets\/transparent.png\" data-bg=\"c:#fafafa;\" data-parallax=\"8\" data-no-retina>\n<!--\n\t\t\t\t\t\t\t--><rs-layer\n\t\t\t\t\t\t\t\tid=\"slider-12-slide-22-layer-0\" \n\t\t\t\t\t\t\t\tdata-type=\"text\"\n\t\t\t\t\t\t\t\tdata-color=\"#000000\"\n\t\t\t\t\t\t\t\tdata-rsp_ch=\"on\"\n\t\t\t\t\t\t\t\tdata-xy=\"x:85px;y:260px;\"\n\t\t\t\t\t\t\t\tdata-text=\"w:normal;s:40;l:45;ls:2px;fw:700;\"\n\t\t\t\t\t\t\t\tdata-frame_999=\"o:0;st:w;\"\n\t\t\t\t\t\t\t\tstyle=\"z-index:14;font-family:'Poppins';text-transform:uppercase;\"\n\t\t\t\t\t\t\t>Hi, ich bin Beate Nimsky \n\t\t\t\t\t\t\t<\/rs-layer><!--\n\n\t\t\t\t\t\t\t--><rs-layer\n\t\t\t\t\t\t\t\tid=\"slider-12-slide-22-layer-2\" \n\t\t\t\t\t\t\t\tdata-type=\"text\"\n\t\t\t\t\t\t\t\tdata-color=\"#ffffff\"\n\t\t\t\t\t\t\t\tdata-rsp_ch=\"on\"\n\t\t\t\t\t\t\t\tdata-xy=\"x:50px;y:50px;\"\n\t\t\t\t\t\t\t\tdata-text=\"w:normal;\"\n\t\t\t\t\t\t\t\tdata-frame_999=\"o:0;st:w;sR:8700;\"\n\t\t\t\t\t\t\t\tstyle=\"z-index:9;font-family:'Roboto';\"\n\t\t\t\t\t\t\t>New Layer \n\t\t\t\t\t\t\t<\/rs-layer><!--\n\n\t\t\t\t\t\t\t--><rs-layer\n\t\t\t\t\t\t\t\tid=\"slider-12-slide-22-layer-5\" \n\t\t\t\t\t\t\t\tdata-type=\"text\"\n\t\t\t\t\t\t\t\tdata-color=\"#000000\"\n\t\t\t\t\t\t\t\tdata-rsp_ch=\"on\"\n\t\t\t\t\t\t\t\tdata-xy=\"x:85px;y:350px;\"\n\t\t\t\t\t\t\t\tdata-text=\"w:normal;s:30;l:35;ls:2px;fw:500;\"\n\t\t\t\t\t\t\t\tdata-frame_999=\"o:0;st:w;\"\n\t\t\t\t\t\t\t\tstyle=\"z-index:15;font-family:'Poppins';\"\n\t\t\t\t\t\t\t>Gr\u00fcnderin und CEO von NEVSA Coaching & Consulting LLC <br \/>\nund der Nimsky Academy \n\t\t\t\t\t\t\t<\/rs-layer><!--\n\n\t\t\t\t\t\t\t--><rs-layer\n\t\t\t\t\t\t\t\tid=\"slider-12-slide-22-layer-7\" \n\t\t\t\t\t\t\t\tdata-type=\"image\"\n\t\t\t\t\t\t\t\tdata-rsp_ch=\"on\"\n\t\t\t\t\t\t\t\tdata-xy=\"x:935px;y:-12px;\"\n\t\t\t\t\t\t\t\tdata-text=\"w:normal;\"\n\t\t\t\t\t\t\t\tdata-dim=\"w:719px;h:719px;\"\n\t\t\t\t\t\t\t\tdata-frame_999=\"o:0;st:w;\"\n\t\t\t\t\t\t\t\tstyle=\"z-index:13;\"\n\t\t\t\t\t\t\t><img decoding=\"async\" src=\"\/\/nimskyacademy.com\/wp-content\/plugins\/revslider\/public\/assets\/assets\/dummy.png\" alt=\"\" class=\"tp-rs-img rs-lazyload\" width=\"500\" height=\"500\" data-lazyload=\"\/\/nimskyacademy.com\/wp-content\/uploads\/2024\/06\/Untitled-design-3.png\" data-no-retina> \n\t\t\t\t\t\t\t<\/rs-layer><!--\n-->\t\t\t\t\t\t<\/rs-slide>\n\t\t\t\t\t<\/rs-slides>\n\t\t\t\t\t<rs-static-layers><!--\n\t\t\t\t\t--><\/rs-static-layers>\n\t\t\t\t<\/rs-module>\n\t\t\t\t<script>\n\t\t\t\t\tsetREVStartSize({c: 'rev_slider_12_1',rl:[1240,1024,778,480],el:[600],gw:[1600],gh:[600],type:'hero',justify:'',layout:'fullwidth',mh:\"0\"});if (window.RS_MODULES!==undefined && window.RS_MODULES.modules!==undefined && window.RS_MODULES.modules[\"revslider121\"]!==undefined) {window.RS_MODULES.modules[\"revslider121\"].once = false;window.revapi12 = undefined;if (window.RS_MODULES.checkMinimal!==undefined) window.RS_MODULES.checkMinimal()}\n\t\t\t\t<\/script>\n\t\t\t<\/rs-module-wrap>\n\t\t\t<!-- END REVOLUTION SLIDER -->\n<\/div>\r\n\r\n\t\t\t\t\t\t<\/div>\n\t\t\t\t<\/div>\n\t\t\t\t\t<\/div>\n\t\t<\/div>\n\t\t\t\t\t<\/div>\n\t\t<\/section>\n\t\t\t\t<section class=\"elementor-section elementor-top-section elementor-element elementor-element-8e108de elementor-section-boxed elementor-section-height-default elementor-section-height-default parallax_section_no qode_elementor_container_no\" data-id=\"8e108de\" data-element_type=\"section\">\n\t\t\t\t\t\t<div class=\"elementor-container elementor-column-gap-default\">\n\t\t\t\t\t<div class=\"elementor-column elementor-col-100 elementor-top-column elementor-element elementor-element-8431667\" data-id=\"8431667\" data-element_type=\"column\">\n\t\t\t<div class=\"elementor-widget-wrap elementor-element-populated\">\n\t\t\t\t\t\t<div class=\"elementor-element elementor-element-2f99914 elementor-widget elementor-widget-text-editor\" data-id=\"2f99914\" data-element_type=\"widget\" data-widget_type=\"text-editor.default\">\n\t\t\t\t<div class=\"elementor-widget-container\">\n\t\t\t\t\t\t\t\t\t<p>Das ist meine Geschichte, wer bin ich? Ich,\u00a0Beate Nimsky, verstehe mich als Katalysator f\u00fcr Ver\u00e4nderung und als Impulsgeberin f\u00fcr noch nicht erdachte M\u00f6glichkeiten, indem ich Frauen Mut mache, Vertrauen in sich selbst wiederzufinden. Und sich die Erlaubnis zu geben,\u00a0im Vertrauen zu SEIN. Das gelingt mir, indem ich voranschreite und meine Geschichte teile.<\/p>\t\t\t\t\t\t\t\t<\/div>\n\t\t\t\t<\/div>\n\t\t\t\t<div class=\"elementor-element elementor-element-844d2a3 elementor-widget__width-initial elementor-widget elementor-widget-text-editor\" data-id=\"844d2a3\" data-element_type=\"widget\" data-widget_type=\"text-editor.default\">\n\t\t\t\t<div class=\"elementor-widget-container\">\n\t\t\t\t\t\t\t\t\t<h2 class=\"\">Meine \u201eHELDENREISE\u201c<\/h2><p>Seit \u00fcber 30 Jahren darf ich \u2013 Beate Nimsky \u2013 Unternehmer, Vorst\u00e4nde und F\u00fchrungskr\u00e4fte in ihrer pers\u00f6nlichen Entwicklung und dem Aufbau einer wertsch\u00e4tzenden Kultur in ihren Unternehmen begleiten. Mit vielen dieser Kunden arbeite ich bereits zwischen zehn und f\u00fcnfzehn Jahren zusammen. Mit einigen sogar \u00fcber 20 Jahre. D.h., hier begleite ich\u00a0Ver\u00e4nderungsprozesse\u00a0von Vorstandswechsel bis hin zu erneuter Kulturver\u00e4nderung bei Fusionen und Umstrukturierungen.<\/p><p>\u00a0<\/p><p>Durch verschiedene Methoden und Tools gelingt es mir,\u00a0Potenziale\u00a0zu erkennen und zu helfen, das Beste im Menschen an die Oberfl\u00e4che zu bringen.<\/p><p>\u00a0<\/p><p>Meine\u00a0intuitiven\u00a0Moderationen von Strategieworkshops f\u00fchren immer zu Ergebnissen, die F\u00fchrungskr\u00e4fte bef\u00e4higen, die n\u00e4chsten Schritte in ihren Unternehmen einzuleiten. Daher sehe ich mich auch als Katalysator f\u00fcr Ver\u00e4nderung und Impulsgeberin f\u00fcr noch nicht gedachte M\u00f6glichkeiten.<\/p><p>\u00a0<\/p>\t\t\t\t\t\t\t\t<\/div>\n\t\t\t\t<\/div>\n\t\t\t\t<div class=\"elementor-element elementor-element-a8c526b elementor-widget elementor-widget-text-editor\" data-id=\"a8c526b\" data-element_type=\"widget\" data-widget_type=\"text-editor.default\">\n\t\t\t\t<div class=\"elementor-widget-container\">\n\t\t\t\t\t\t\t\t\t<p>Meine offenen Seminare mit Menschen aus allen Positionen und Kulturen sind nicht nur mir selbst eine gro\u00dfe Freude. Gemeinsam mit meinen Coachees und Mentees haben wir viel Spa\u00df, w\u00e4hrend wir an ihrem\u00a0Mindset, BewusstSein und Business\u00a0arbeiten. Es freut mich sehr, zu sehen, wie sie wieder das Vertrauen in ihre Power entdecken und sich gleichzeitig auch erlauben, bewusst zu SEIN.<\/p><p>\u00a0<\/p><p>BewusstSein\u00a0hat mich auf meinem Lebensweg immer motiviert, mein anders SEIN zu zeigen und in die Welt zu bringen. Da ich von Natur aus ein \u00e4u\u00dferst neugieriger und kreativer Mensch bin, hat die Marke Beate Nimsky drei Standbeine. Neben\u00a0Firmen- und offenen Seminaren\u00a0teile ich nun auch meine Erfahrungen mit aktiven Frauen, um mit BewusstSeins- und Business-Tools ein eigenes Business oder ein zweites Standbein aufzubauen.\u00a0<\/p><p>\u00a0<\/p><p>In meinem Netzwerk-Marketing-Unternehmen agieren wir nach dem Motto \u201eBusiness Anders Machen\u201c. Meine Absicht ist, mein Wissen, meine Erfahrungen mit Tiefs und Hochs sowie die Management- als auch Entwicklungstools weiter zu geben. Ich m\u00f6chte, dass sich in diesem Netzwerk ein positiver Geist breitmacht, der durch wohlwollende F\u00fchrung Menschen bef\u00e4higt, sich mehr zuzutrauen, als sie bisher geglaubt haben. Dies bedeutet f\u00fcr alle PartnerInnen Zugang zu Pers\u00f6nlichkeitsentwicklung, gemeinsamem Team-Spirit, Energiearbeit und klassische Business-Tools als Unterst\u00fctzung f\u00fcr ein gelingendes Start-Up.\u00a0<\/p><p>\u00a0<\/p><p>Schon als Kind war ich die Rebellin. Du kannst dir vorstellen, dass das nicht immer leicht war. Immer anders als die anderen \u2013 brachte mich das \u00f6fters in Schwierigkeiten \u2013 doch ich fand immer eine L\u00f6sung. So kletterte ich mit 16 Jahren aus dem Fenster meines Elternhauses, um mich mit meinem Freund zu treffen, instruierte meine Schwester, mir das Fenster offen zu halten \u2026 und fand eine L\u00f6sung, als das Fenster eines Abends dann nicht mehr offen war \u2026 Oder ich entkam um Haaresbreite dem ersten Tzunami damals 2004 auf Pipi Island zu Weihnachten und schaffte es durch das BewusstSein, Pl\u00e4tze in einem der ersten Flugzeuge zu bekommen, welche die Menschen ausflogen.<\/p><p>\u00a0<\/p><p>Mittlerweile habe ich durch das BewusstSein vier verschiedene Businesses aufgebaut, meinen Mann Martin geheiratet, seine beiden wunderbaren T\u00f6chter Liane und Ronja lieben gelernt, ein Haus gebaut und die Welt bereist. Und das Buch \u201cKraftvoll fragen, befreit leben\u201d geschrieben.<\/p><p>\u00a0<\/p><p>Nicht alles, was ich tat, wurde sofort im Umfeld hoch gelobt. Im Gegenteil \u2013 mein anders SEIN rief oft Neider oder Schwarzmaler auf die B\u00fchne. Ganz besonders damals, als ich meinen letzten, \u00e4u\u00dferst gut dotierten Job als Angestellte an den Nagel h\u00e4ngte, ohne eine minuti\u00f6s geplante Marketingstrategie. Oftmals hat es mich viel Kraft gekostet, mich gegen negative Einfl\u00fcsse von au\u00dfen zu wehren.<\/p><p>\u00a0<\/p><p data-css=\"tve-u-17c22e77e1d\">Ich kannte damals noch nicht das Werkzeug der \u201einteressanten Ansicht\u201c oder gar die Fragemethode \u201eWem geh\u00f6rt das?\u201c. Meine Strategien waren Abschottung, H\u00e4rte zeigen, R\u00fcckzug, nicht mehr dar\u00fcber reden.<\/p><p data-css=\"tve-u-17c22e77e1d\">\u00a0<\/p>\t\t\t\t\t\t\t\t<\/div>\n\t\t\t\t<\/div>\n\t\t\t\t<div class=\"elementor-element elementor-element-081212d elementor-widget elementor-widget-text-editor\" data-id=\"081212d\" data-element_type=\"widget\" data-widget_type=\"text-editor.default\">\n\t\t\t\t<div class=\"elementor-widget-container\">\n\t\t\t\t\t\t\t\t\t<h2>Meine Lehrjahre<\/h2><p>Im Alter von 20 Jahren hatte ich den ersten Job, der f\u00fcr mich eine berufliche Herausforderung darstellte: Die F\u00fchrung eines Teams als technische Einsatzleiterin. Meine technischen Kenntnisse bezogen auf die Produkte waren damals gleich Null. Au\u00dferdem hatte ich noch nie in einem Team gearbeitet und erst recht hatte ich keine Ahnung davon, wie man Mitarbeiter effizient einsetzt oder Abl\u00e4ufe konkret plant.<\/p><p>\u00a0<\/p><p>Ich fragte mich: \u201cWas kann ich verlieren?\u201d, und machte den Job.<\/p><p>\u00a0<\/p><p>F\u00fchrung war f\u00fcr mich ein unbekannter Begriff. Zus\u00e4tzlich sollte ich, ohne irgendeine kommunikative Ausbildung genossen zu haben, die F\u00e4higkeit entwickeln, wie man mit ver\u00e4rgerten Kunden umgeht. Wie man Techniker motiviert. Oder auch, ungeplante Eins\u00e4tze zum Erfolg f\u00fchrt.<\/p><p>\u00a0<\/p><p>Ich kam auf allen Gebieten immer wieder an meine Grenzen, doch gerade dort \u2013 am Ende des M\u00f6glichen &#8211; habe ich die Herausforderung vor allem mit meiner Intuition und BewusstSein gemeistert. Man kann auch sagen, ich bin \u201chindurchgeglitten\u201d, denn ich hatte stets diese tiefe innere Sicherheit, dass ich es schaffen kann.<\/p><p>\u00a0<\/p><p data-css=\"tve-u-17c22e7f99f\">Und jedes Mal, wenn ich Herausforderungen gemeistert hatte, weiteten sich meine Grenzen. Das f\u00fchrte \u00fcber die Jahre zu dem Erfahrungswissen: Alles ist m\u00f6glich, wenn du es nur wirklich willst.<\/p><p data-css=\"tve-u-17c22e7f99f\">\u00a0<\/p>\t\t\t\t\t\t\t\t<\/div>\n\t\t\t\t<\/div>\n\t\t\t\t<div class=\"elementor-element elementor-element-b58ba61 elementor-widget elementor-widget-text-editor\" data-id=\"b58ba61\" data-element_type=\"widget\" data-widget_type=\"text-editor.default\">\n\t\t\t\t<div class=\"elementor-widget-container\">\n\t\t\t\t\t\t\t\t\t<h2>Die Wanderjahre<\/h2><p>Ohne, dass ich jemals dazu wirklich Feedback bekommen h\u00e4tte, wurde ich in diesem Unternehmen in den Folgejahren immer weiter mit h\u00f6heren Positionen betraut. Also hatte ich wohl einiges sehr gut gemacht. Auch als ich die Vorgesetzte der Textverarbeitungsabteilung mit einem Team von 28 Frauen wurde, bekam ich lediglich die fachliche Ausbildung, jedoch keine F\u00fchrungsausbildung.<\/p><p>\u00a0<\/p><p>Dort traf ich auf Neid, Eifersucht und emotionale Ausbr\u00fcche. Ich sp\u00fcrte, wo welche \u00dcbertreibungen stattfanden, und achtete darauf, mich darin nicht verstricken zu lassen. Wo es m\u00f6glich war, begann ich zu schlichten oder konkrete Zielgespr\u00e4che zu f\u00fchren, um so die Stimmung wieder aufzubauen.<br \/>Intuition war meine Beraterin.<\/p><p>\u00a0<\/p><p>Auch in den folgenden Positionen oder Funktionen war es so. Jeder Job brachte eine Ver\u00e4nderung und eine weitere spannende Herausforderung. Ob es das Produkt, die Inhalte einer T\u00e4tigkeit oder gar ein ganz anderes Umfeld war.<\/p><p>\u00a0<\/p><p>Eines war stets gleich: Es stellten sich immer die gew\u00fcnschten Erfolge ein. Und: Nie gab es seitens der Vorgesetzten konkretes Feedback.<\/p><p>\u00a0<\/p><p>Als ich sp\u00e4ter dann auf Empfehlung eines Headhunters in einem anderen Unternehmen, das vom Umsatz her Schlusslicht in Deutschland war, das Vertriebs-Team so stark motivierte, dass es mit 35 % Umsatzsteigerung innerhalb eines Jahres auf Platz zwei stieg, fragte mich mein Chef: \u201cWie machen Sie das eigentlich?\u201d<\/p><p>\u00a0<\/p><p>So richtig konnte ich ihm das nicht beantworten. Denn ich arbeitete ja intuitiv und mit BewusstSein \u2013 wie soll man das in Worte fassen? Zu der Zeit wurde man noch milde bel\u00e4chelt, wenn man \u201cintuitiv\u201d war. Doch sicher machte ich etwas Grundlegendes anders: Ich interessierte mich f\u00fcr die Menschen in meinem Team. Ich h\u00f6rte ihnen zu. Ich kannte bald ihre Sorgen und N\u00f6te und h\u00f6rte auf, sie in pers\u00f6nlich schwierigen Situationen auch noch bez\u00fcglich des Umsatzes unter Druck zu setzen. Das schaffte ihnen so viel inneren Freiraum, dass genau das zum gesamten Erfolg f\u00fchrte.<\/p><p>\u00a0<\/p>\t\t\t\t\t\t\t\t<\/div>\n\t\t\t\t<\/div>\n\t\t\t\t<div class=\"elementor-element elementor-element-b6eb3fc elementor-widget elementor-widget-text-editor\" data-id=\"b6eb3fc\" data-element_type=\"widget\" data-widget_type=\"text-editor.default\">\n\t\t\t\t<div class=\"elementor-widget-container\">\n\t\t\t\t\t\t\t\t\t<h2>Die Krise<\/h2><p>Die Ergebnisse meiner Arbeit, die ich im Au\u00dfen sah, gaben mir im Alter von 32 Jahren den Ansto\u00df, in F\u00fchrungsliteratur zu st\u00f6bern und bekannte F\u00fchrungspers\u00f6nlichkeiten kennenzulernen. Durch Pers\u00f6nlichkeits- und Leadership-Seminare, die ich mir g\u00f6nnte und selbst bezahlte, erkannte ich im Nachhinein, was ich fr\u00fcher intuitiv richtig gemacht hatte und warum es funktionierte.<br \/>Ich war lange Jahre zufrieden \u2013 und doch nicht ganz erf\u00fcllt. Denn ich sp\u00fcrte unterschwellig schon l\u00e4ngere Zeit, dass ich etwas in meinem Leben \u00e4ndern durfte. Doch einen gut bezahlten Job einfach aufzugeben, nur damit ich nach Erf\u00fcllung suchen k\u00f6nnte, dazu war ich lange nicht bereit.<\/p><p>\u00a0<\/p><p>Das Leben half mir bei der Entscheidung.<\/p><p>1987 hatte ich einen intensiven Autounfall.<\/p><p>\u00a0<\/p><p>Danach war kein Wirbel in meiner Wirbels\u00e4ule an der Stelle, wo er sein sollte. Gl\u00fccklicherweise hatte ich drei Monate zuvor einen Internisten, Dr. Thomas Ortner, kennen gelernt, der mich nicht ins Krankenhaus einlieferte. Er sagte: \u201eDort versaut man Sie nur!\u201c.<\/p><p>\u00a0<\/p><p>Was hat er stattdessen gemacht? Mich mit Akupunktur, Chiropraktik, Handauflegen, Hom\u00f6opathie und vielem mehr wiederaufgerichtet. UND, er hat mir das Seminar von dem chinesischen Gro\u00dfmeister Mantak Chia empfohlen.<br \/>Das war die Wende in meinen Ansichten \u00fcber meinen K\u00f6rper und \u00fcber so vieles mehr zwischen Himmel und Erde. Durch die Praktiken der Meditation des inneren L\u00e4chelns, der Heilenden Laute und des Energieaufbaus in den Hauptmeridianen, war ich nach f\u00fcnf Monaten geheilt.<\/p><p>\u00a0<\/p><p>Dieser Autounfall gab mir den Impuls, zus\u00e4tzlich nach Methoden zu suchen, die mentale Kraft, Gesundheit, das innere Energieniveau und das BewusstSein zu steigern.<\/p><p>So hat jede Krise eine wichtige Botschaft f\u00fcr uns: nur durch diese Begebenheit traf ich auf den taoistischen Gro\u00df-Meister Mantak Chia, bei dem ich \u00fcber zehn Jahre ChiGong, TaiChi und Meditation studierte. Noch heute praktiziere ich diese wunderbaren M\u00f6glichkeiten, mich auf sehr sanfte Art und Weise fit und gesund zu halten.<\/p><p>\u00a0<\/p>\t\t\t\t\t\t\t\t<\/div>\n\t\t\t\t<\/div>\n\t\t\t\t<div class=\"elementor-element elementor-element-f4293e1 elementor-widget elementor-widget-text-editor\" data-id=\"f4293e1\" data-element_type=\"widget\" data-widget_type=\"text-editor.default\">\n\t\t\t\t<div class=\"elementor-widget-container\">\n\t\t\t\t\t\t\t\t\t<div id=\"section-1664181601700\" data-section-id=\"1664181601700\"><section data-reveal-event=\"\" data-reveal-offset=\"\" data-reveal-units=\"seconds\"><div id=\"block-1664181601699_1\" data-reveal-event=\"\" data-reveal-offset=\"\" data-reveal-units=\"seconds\"><div data-aos=\"none\" data-aos-delay=\"0\" data-aos-duration=\"0\"><h2>Das Sammeln<\/h2><p>Ich besch\u00e4ftigte mich mit NLP, Autogenem Training, Kinesiologie, Mentaltraining und Umwandlung von hemmenden Glaubensmustern. Die Leadership Academy von Anthony Robbins war ebenfalls eine ganz besondere Wegbegleitung ebenso wie die pers\u00f6nlichen Begegnungen mit Brian Tracy und seine Sichtweise auf F\u00fchrung und Vertrieb.<\/p><p>\u00a0<\/p><p>Nach erneutem innerem Wandel entdeckte ich das System von Access Consciousness. Diese Tools und die regelm\u00e4\u00dfigen Livekurse mit Gary Douglas und Dr. Dain Heer bereichern mein Leben t\u00e4glich. Alles, was ich dort erfahre, kann ich wunderbar in meine Seminare, Workshops und Coachings integrieren und somit noch mehr Wandel begleiten.<\/p><p>\u00a0<\/p><p>Du siehst, Ver\u00e4nderung begleitet mich mein ganzes Leben. Das, worauf ich in all der Zeit immer geachtet habe, war, mich weiterzubilden. In den vergangenen 30 Jahren habe ich selbst mehr als 500 Tage Fortbildung genossen. Ja, das ist eine meiner Passionen, mich selbst zu entwickeln, um anderen in ihrer Entwicklung noch hilfreicher zur Seite stehen zu k\u00f6nnen.<br \/>Ich bin so neugierig auf das Leben und so entwickle ich mich immer weiter. Es h\u00f6rt nicht auf. Manchmal habe ich sogar das Gef\u00fchl, ich habe eben erst damit begonnen.<\/p><p>\u00a0<\/p><p>Ich verstehe mich als Katalysator f\u00fcr Ver\u00e4nderung und als Impulsgeberin f\u00fcr noch nicht erdachte M\u00f6glichkeiten, indem ich Frauen Mut mache, Vertrauen in sich selbst wiederzufinden. Und sich die Erlaubnis zu geben, im Vertrauen zu SEIN. Das gelingt mir, indem ich voranschreite und meine Geschichte teile.\u00a0<\/p><p>\u00a0<\/p><\/div><\/div><\/section><\/div>\t\t\t\t\t\t\t\t<\/div>\n\t\t\t\t<\/div>\n\t\t\t\t<div class=\"elementor-element elementor-element-5d556b1 elementor-widget elementor-widget-text-editor\" data-id=\"5d556b1\" data-element_type=\"widget\" data-widget_type=\"text-editor.default\">\n\t\t\t\t<div class=\"elementor-widget-container\">\n\t\t\t\t\t\t\t\t\t<h2>Die pers\u00f6nlich gestellten Herausforderungen<\/h2><p>Neben den immer neuen beruflichen Herausforderungen habe ich mir auch immer wieder ganz pers\u00f6nliche Ziele gesetzt, die einiges von mir abverlangt haben. Ich wollte es eben wissen!<\/p><p>\u00a0<\/p><p>So hatte ich mich entschieden, mit dem \u201ejugendlichen\u201c Alter von 50 Jahren meinen ersten Marathon zu laufen. Als Null-L\u00e4uferin! Und ja, es musste der New York City Marathon sein. Es war das Jahr, in dem die T\u00fcrme fielen. Es war ein unglaubliches Erlebnis, da es dadurch nochmal eine vollkommen andere Qualit\u00e4t mit sich brachte. Und ja, trotz aller Unkenrufe, dass auch trainierte Sportler kurz vor dem Ziel aufgeben, bin ich durch das Ziel gelaufen. \u2013 Wenn du mal Zeit hast, erz\u00e4hl ich dir die ganze Geschichte.<\/p><p>\u00a0<\/p><p>Dann hatte ich immer das Gef\u00fchl, ich habe etwas verpasst, weil ich keinen \u201eoffiziellen Studientitel\u201c habe. Hm, wie gelingt mir das, dass ich sp\u00e4testens mit 60 Jahren einen solchen habe?<\/p><p>\u00a0<\/p><p>Ich entschied mich also, in meinen bereits prallen Terminkalender \u00fcber den Zeitraum von zweieinhalb Jahren an Wochenenden nach Wien zu fliegen, um den Master of Science in Coaching zu absolvieren. Ich habe wie geplant meinen Titel und die Masterthesis mit Eins absolviert. Das tolle daran war, dass ich drei meiner Kunden in den Umfrageprozess der Thesis integrierte und dadurch auch ihnen einen speziellen Mehrwert bringen konnte.<\/p><p>\u00a0<\/p>\t\t\t\t\t\t\t\t<\/div>\n\t\t\t\t<\/div>\n\t\t\t\t<div class=\"elementor-element elementor-element-79e335d elementor-widget elementor-widget-text-editor\" data-id=\"79e335d\" data-element_type=\"widget\" data-widget_type=\"text-editor.default\">\n\t\t\t\t<div class=\"elementor-widget-container\">\n\t\t\t\t\t\t\t\t\t<p>Nun bin ich 73 und kein bisschen leise.<\/p><p>Und ich habe mich gefragt:\u00a0Was ist sonst noch m\u00f6glich?<\/p><p>\u00a0<\/p><p>Mein pers\u00f6nliches Motto lautet: BAM &#8211; Business Anders Machen. Integrativ, partizipativ, wertsch\u00e4tzend, fokussiert, erfolgs- und ergebnisorientiert, unterst\u00fctzend und mit viel Spa\u00df und Liebe zum Leben.<\/p>\t\t\t\t\t\t\t\t<\/div>\n\t\t\t\t<\/div>\n\t\t\t\t\t<\/div>\n\t\t<\/div>\n\t\t\t\t\t<\/div>\n\t\t<\/section>\n\t\t\t\t<\/div>","protected":false},"excerpt":{"rendered":"<p>Das ist meine Geschichte, wer bin ich? Ich,\u00a0Beate Nimsky, verstehe mich als Katalysator f\u00fcr Ver\u00e4nderung und als Impulsgeberin f\u00fcr noch nicht erdachte M\u00f6glichkeiten, indem ich Frauen Mut mache, Vertrauen in sich selbst wiederzufinden. Und sich die Erlaubnis zu geben,\u00a0im Vertrauen zu SEIN. Das gelingt mir,&#8230;<\/p>","protected":false},"author":1,"featured_media":0,"parent":0,"menu_order":0,"comment_status":"closed","ping_status":"closed","template":"full_width.php","meta":{"footnotes":""},"class_list":["post-2120","page","type-page","status-publish","hentry"],"_links":{"self":[{"href":"https:\/\/nimskyacademy.com\/de\/wp-json\/wp\/v2\/pages\/2120","targetHints":{"allow":["GET"]}}],"collection":[{"href":"https:\/\/nimskyacademy.com\/de\/wp-json\/wp\/v2\/pages"}],"about":[{"href":"https:\/\/nimskyacademy.com\/de\/wp-json\/wp\/v2\/types\/page"}],"author":[{"embeddable":true,"href":"https:\/\/nimskyacademy.com\/de\/wp-json\/wp\/v2\/users\/1"}],"replies":[{"embeddable":true,"href":"https:\/\/nimskyacademy.com\/de\/wp-json\/wp\/v2\/comments?post=2120"}],"version-history":[{"count":55,"href":"https:\/\/nimskyacademy.com\/de\/wp-json\/wp\/v2\/pages\/2120\/revisions"}],"predecessor-version":[{"id":2724,"href":"https:\/\/nimskyacademy.com\/de\/wp-json\/wp\/v2\/pages\/2120\/revisions\/2724"}],"wp:attachment":[{"href":"https:\/\/nimskyacademy.com\/de\/wp-json\/wp\/v2\/media?parent=2120"}],"curies":[{"name":"wp","href":"https:\/\/api.w.org\/{rel}","templated":true}]}}