{"id":2103,"date":"2023-06-07T21:21:33","date_gmt":"2023-06-08T04:21:33","guid":{"rendered":"https:\/\/nimskyacademy.com\/books-interviews\/"},"modified":"2024-09-19T03:05:58","modified_gmt":"2024-09-19T10:05:58","slug":"buecher-interviews","status":"publish","type":"page","link":"https:\/\/nimskyacademy.com\/de\/buecher-interviews\/?lang=de","title":{"rendered":"B\u00dcCHER &#038; INTERVIEWS"},"content":{"rendered":"<div data-elementor-type=\"wp-page\" data-elementor-id=\"2103\" class=\"elementor elementor-2103 elementor-637\">\n\t\t\t\t\t\t<section class=\"elementor-section elementor-top-section elementor-element elementor-element-dd230be elementor-section-full_width elementor-section-height-default elementor-section-height-default parallax_section_no qode_elementor_container_no\" data-id=\"dd230be\" data-element_type=\"section\">\n\t\t\t\t\t\t<div class=\"elementor-container elementor-column-gap-no\">\n\t\t\t\t\t<div class=\"elementor-column elementor-col-100 elementor-top-column elementor-element elementor-element-84e7977\" data-id=\"84e7977\" data-element_type=\"column\">\n\t\t\t<div class=\"elementor-widget-wrap elementor-element-populated\">\n\t\t\t\t\t\t<div class=\"elementor-element elementor-element-a301408 elementor-widget elementor-widget-slider_revolution\" data-id=\"a301408\" data-element_type=\"widget\" data-widget_type=\"slider_revolution.default\">\n\t\t\t\t<div class=\"elementor-widget-container\">\n\t\t\t\t\t\r\n\t\t<div class=\"wp-block-themepunch-revslider\">\n\t\t\t<!-- START B\u00fccherDE2024 REVOLUTION SLIDER 6.6.12 --><p class=\"rs-p-wp-fix\"><\/p>\n\t\t\t<rs-module-wrap id=\"rev_slider_18_1_wrapper\" data-source=\"gallery\" style=\"visibility:hidden;background:transparent;padding:0;margin:0px auto;margin-top:0;margin-bottom:0;\">\n\t\t\t\t<rs-module id=\"rev_slider_18_1\" style=\"\" data-version=\"6.6.12\">\n\t\t\t\t\t<rs-slides style=\"overflow: hidden; position: absolute;\">\n\t\t\t\t\t\t<rs-slide style=\"position: absolute;\" data-key=\"rs-32\" data-title=\"Slide\" data-in=\"o:0;\" data-out=\"a:false;\">\n\t\t\t\t\t\t\t<img fetchpriority=\"high\" decoding=\"async\" src=\"\/\/nimskyacademy.com\/wp-content\/plugins\/revslider\/public\/assets\/assets\/dummy.png\" alt=\"Slide\" width=\"2560\" height=\"1348\" class=\"rev-slidebg tp-rs-img rs-lazyload\" data-lazyload=\"\/\/nimskyacademy.com\/wp-content\/plugins\/revslider\/public\/assets\/assets\/transparent.png\" data-bg=\"c:#fafafa;\" data-parallax=\"8\" data-no-retina>\n<!--\n\t\t\t\t\t\t\t--><rs-layer\n\t\t\t\t\t\t\t\tid=\"slider-18-slide-32-layer-0\" \n\t\t\t\t\t\t\t\tdata-type=\"image\"\n\t\t\t\t\t\t\t\tdata-rsp_ch=\"on\"\n\t\t\t\t\t\t\t\tdata-xy=\"x:388px;y:72px;\"\n\t\t\t\t\t\t\t\tdata-text=\"w:normal;\"\n\t\t\t\t\t\t\t\tdata-dim=\"w:690px;h:641px;\"\n\t\t\t\t\t\t\t\tdata-frame_999=\"o:0;st:w;\"\n\t\t\t\t\t\t\t\tstyle=\"z-index:6;\"\n\t\t\t\t\t\t\t><img decoding=\"async\" src=\"\/\/nimskyacademy.com\/wp-content\/plugins\/revslider\/public\/assets\/assets\/dummy.png\" alt=\"\" class=\"tp-rs-img rs-lazyload\" width=\"4999\" height=\"4643\" data-lazyload=\"\/\/nimskyacademy.com\/wp-content\/uploads\/2024\/09\/book-nim.png\" data-no-retina> \n\t\t\t\t\t\t\t<\/rs-layer><!--\n\n\t\t\t\t\t\t\t--><a\n\t\t\t\t\t\t\t\tid=\"slider-18-slide-32-layer-2\" \n\t\t\t\t\t\t\t\tclass=\"rs-layer rev-btn\"\n\t\t\t\t\t\t\t\thref=\"https:\/\/buchshop.bod.de\/kraftvoll-fragen-befreit-leben-beate-nimsky-9783757845414\" target=\"_self\"\n\t\t\t\t\t\t\t\tdata-type=\"button\"\n\t\t\t\t\t\t\t\tdata-color=\"#ffffff\"\n\t\t\t\t\t\t\t\tdata-bsh=\"v:10px;b:20px;\"\n\t\t\t\t\t\t\t\tdata-rsp_ch=\"on\"\n\t\t\t\t\t\t\t\tdata-xy=\"x:196px;y:360px;\"\n\t\t\t\t\t\t\t\tdata-text=\"w:normal;s:18;l:50;fw:500;\"\n\t\t\t\t\t\t\t\tdata-dim=\"minh:0px;\"\n\t\t\t\t\t\t\t\tdata-padding=\"r:40;l:40;\"\n\t\t\t\t\t\t\t\tdata-border=\"bor:5px,5px,5px,5px;\"\n\t\t\t\t\t\t\t\tdata-frame_999=\"o:0;st:w;\"\n\t\t\t\t\t\t\t\tdata-frame_hover=\"bgc:linear-gradient(rgba(255,149,0,1) 0%, rgba(255,94,58,1) 100%);bor:5px,5px,5px,5px;e:power1.inOut;bri:120%;\"\n\t\t\t\t\t\t\t\tstyle=\"z-index:8;background:linear-gradient(rgba(255,149,0,1) 0%, rgba(255,94,58,1) 100%);font-family:'Roboto';\"\n\t\t\t\t\t\t\t>Hol Dir Deine Ausgabe \n\t\t\t\t\t\t\t<\/a><!--\n\n\t\t\t\t\t\t\t--><rs-layer\n\t\t\t\t\t\t\t\tid=\"slider-18-slide-32-layer-7\" \n\t\t\t\t\t\t\t\tdata-type=\"text\"\n\t\t\t\t\t\t\t\tdata-color=\"#e65c00\"\n\t\t\t\t\t\t\t\tdata-rsp_ch=\"on\"\n\t\t\t\t\t\t\t\tdata-xy=\"x:25px;y:173px;\"\n\t\t\t\t\t\t\t\tdata-text=\"w:normal;s:80;l:80;fw:200;a:center;\"\n\t\t\t\t\t\t\t\tdata-dim=\"minh:0;\"\n\t\t\t\t\t\t\t\tdata-frame_999=\"o:0;st:w;\"\n\t\t\t\t\t\t\t\tstyle=\"z-index:11;font-family:'Montserrat';\"\n\t\t\t\t\t\t\t>Kraftvoll Fragen -<br \/>\nBefreit Leben \n\t\t\t\t\t\t\t<\/rs-layer><!--\n-->\t\t\t\t\t\t<\/rs-slide>\n\t\t\t\t\t<\/rs-slides>\n\t\t\t\t\t<rs-static-layers><!--\n\t\t\t\t\t--><\/rs-static-layers>\n\t\t\t\t<\/rs-module>\n\t\t\t\t<script>\n\t\t\t\t\tsetREVStartSize({c: 'rev_slider_18_1',rl:[1240,1024,778,480],el:[700],gw:[1300],gh:[700],type:'hero',justify:'',layout:'fullwidth',mh:\"0\"});if (window.RS_MODULES!==undefined && window.RS_MODULES.modules!==undefined && window.RS_MODULES.modules[\"revslider181\"]!==undefined) {window.RS_MODULES.modules[\"revslider181\"].once = false;window.revapi18 = undefined;if (window.RS_MODULES.checkMinimal!==undefined) window.RS_MODULES.checkMinimal()}\n\t\t\t\t<\/script>\n\t\t\t<\/rs-module-wrap>\n\t\t\t<!-- END REVOLUTION SLIDER -->\n<\/div>\r\n\r\n\t\t\t\t\t\t<\/div>\n\t\t\t\t<\/div>\n\t\t\t\t\t<\/div>\n\t\t<\/div>\n\t\t\t\t\t<\/div>\n\t\t<\/section>\n\t\t\t\t<section class=\"elementor-section elementor-top-section elementor-element elementor-element-bfc79da elementor-section-boxed elementor-section-height-default elementor-section-height-default parallax_section_no qode_elementor_container_no\" data-id=\"bfc79da\" data-element_type=\"section\">\n\t\t\t\t\t\t<div class=\"elementor-container elementor-column-gap-default\">\n\t\t\t\t\t<div class=\"elementor-column elementor-col-100 elementor-top-column elementor-element elementor-element-d875dde\" data-id=\"d875dde\" data-element_type=\"column\">\n\t\t\t<div class=\"elementor-widget-wrap elementor-element-populated\">\n\t\t\t\t\t\t<div class=\"elementor-element elementor-element-e0b675f elementor-widget elementor-widget-text-editor\" data-id=\"e0b675f\" data-element_type=\"widget\" data-widget_type=\"text-editor.default\">\n\t\t\t\t<div class=\"elementor-widget-container\">\n\t\t\t\t\t\t\t\t\t<p>Beate Nimsky, Autorin mehrerer B\u00fccher und anerkannte Seminarleiterin, zeigt mit ansprechender Klarheit, wie dies m\u00f6glich ist und wie W\u00fcnsche wahr werden und Ergebnisse erzielt werden k\u00f6nnen, indem man offene und transformierende Fragen stellt.<\/p><p>\u00a0<\/p><p>In ihrer unkomplizierten und heiteren Art verbindet sie anschauliche Geschichten aus ihrem Leben mit dem notwendigen Hintergrundwissen in beeindruckenden 220 Fragen, die Bereiche wie Selbstbestimmung, Selbsterm\u00e4chtigung, das \u00dcberwinden von Selbstkritik, K\u00f6rper, Gesundheit, biologisch jung bleiben, Geld, Verkauf, Beziehungen, Schwierigkeiten, Schlussfolgerungen, Kontrolle, kreative Gestaltung und Lebensformen abdecken.<\/p><p>\u00a0<\/p><p>Es gibt allgemeine Fragen, die jedem vertraut sind. Die in diesem Buch formulierten Fragen sind jedoch so gestaltet, dass sie deine innewohnenden Kr\u00e4fte, bislang ungenutzte F\u00e4higkeiten und alle damit verbundenen Informationsfelder wecken und aktivieren.<\/p><p>\u00a0<\/p><p>Neue Fragen, die wahrscheinlich noch nie zuvor gestellt wurden, dienen dazu, deinen Horizont in Bezug auf dein Denken, F\u00fchlen und Handeln zu erweitern. Dazu geh\u00f6ren Fragen f\u00fcr den Morgen, die zu einem erfolgreichen Tag beitragen, und Fragen f\u00fcr die Nacht, die beim Kl\u00e4ren und bei einem erholsamen Schlaf helfen.<\/p><p>\u00a0<\/p><p>Ein spezieller Clearing-Satz wird erkl\u00e4rt, der dir hilft, einschr\u00e4nkende Gewohnheiten und Denkmuster loszulassen, sodass das Leben freier, leichter und gl\u00fccklicher wird!<\/p><p>\u00a0<\/p><p>\u201eWas ist noch m\u00f6glich?\u201c<\/p>\t\t\t\t\t\t\t\t<\/div>\n\t\t\t\t<\/div>\n\t\t\t\t\t<\/div>\n\t\t<\/div>\n\t\t\t\t\t<\/div>\n\t\t<\/section>\n\t\t\t\t<section class=\"elementor-section elementor-top-section elementor-element elementor-element-d38abc3 elementor-section-boxed elementor-section-height-default elementor-section-height-default parallax_section_no qode_elementor_container_no\" data-id=\"d38abc3\" data-element_type=\"section\">\n\t\t\t\t\t\t<div class=\"elementor-container elementor-column-gap-default\">\n\t\t\t\t\t<div class=\"elementor-column elementor-col-100 elementor-top-column elementor-element elementor-element-bb20e15\" data-id=\"bb20e15\" data-element_type=\"column\">\n\t\t\t<div class=\"elementor-widget-wrap elementor-element-populated\">\n\t\t\t\t\t\t<div class=\"elementor-element elementor-element-64c37b0 elementor-widget elementor-widget-video\" data-id=\"64c37b0\" data-element_type=\"widget\" data-settings=\"{&quot;video_type&quot;:&quot;vimeo&quot;}\" data-widget_type=\"video.default\">\n\t\t\t\t<div class=\"elementor-widget-container\">\n\t\t\t\t\t\t\t<div class=\"elementor-wrapper elementor-open-inline\">\n\t\t\t<iframe class=\"elementor-video-iframe\" allowfullscreen allow=\"clipboard-write\" title=\"vimeo Video Player\" src=\"https:\/\/player.vimeo.com\/video\/1008707803?color&amp;autopause=0&amp;loop=0&amp;muted=0&amp;title=1&amp;portrait=1&amp;byline=1&amp;h=9a06ed858d#t=\" data-no-translation-title=\"\"><\/iframe>\t\t<\/div>\n\t\t\t\t\t\t<\/div>\n\t\t\t\t<\/div>\n\t\t\t\t\t<\/div>\n\t\t<\/div>\n\t\t\t\t\t<\/div>\n\t\t<\/section>\n\t\t\t\t<section class=\"elementor-section elementor-top-section elementor-element elementor-element-9b91003 elementor-section-boxed elementor-section-height-default elementor-section-height-default parallax_section_no qode_elementor_container_no\" data-id=\"9b91003\" data-element_type=\"section\">\n\t\t\t\t\t\t<div class=\"elementor-container elementor-column-gap-default\">\n\t\t\t\t\t<div class=\"elementor-column elementor-col-100 elementor-top-column elementor-element elementor-element-b0b40ec\" data-id=\"b0b40ec\" data-element_type=\"column\">\n\t\t\t<div class=\"elementor-widget-wrap elementor-element-populated\">\n\t\t\t\t\t\t<div class=\"elementor-element elementor-element-2dee41ba elementor-widget elementor-widget-spacer\" data-id=\"2dee41ba\" data-element_type=\"widget\" data-widget_type=\"spacer.default\">\n\t\t\t\t<div class=\"elementor-widget-container\">\n\t\t\t\t\t\t\t<div class=\"elementor-spacer\">\n\t\t\t<div class=\"elementor-spacer-inner\"><\/div>\n\t\t<\/div>\n\t\t\t\t\t\t<\/div>\n\t\t\t\t<\/div>\n\t\t\t\t<div class=\"elementor-element elementor-element-4383209d elementor-widget elementor-widget-heading\" data-id=\"4383209d\" data-element_type=\"widget\" data-widget_type=\"heading.default\">\n\t\t\t\t<div class=\"elementor-widget-container\">\n\t\t\t\t\t<h4 class=\"elementor-heading-title elementor-size-default\">NEXT LEVEL LEADERSHIP<\/h4>\t\t\t\t<\/div>\n\t\t\t\t<\/div>\n\t\t\t\t<div class=\"elementor-element elementor-element-599e57d2 elementor-widget elementor-widget-heading\" data-id=\"599e57d2\" data-element_type=\"widget\" data-widget_type=\"heading.default\">\n\t\t\t\t<div class=\"elementor-widget-container\">\n\t\t\t\t\t<h6 class=\"elementor-heading-title elementor-size-default\">Beate Nimsky in der Wake Up with Marci Show<\/h6>\t\t\t\t<\/div>\n\t\t\t\t<\/div>\n\t\t\t\t<div class=\"elementor-element elementor-element-e24f0d9 elementor-widget elementor-widget-text-editor\" data-id=\"e24f0d9\" data-element_type=\"widget\" data-widget_type=\"text-editor.default\">\n\t\t\t\t<div class=\"elementor-widget-container\">\n\t\t\t\t\t\t\t\t\t<p>Beate Nimsky, eine Pionierin der pers\u00f6nlichen Entwicklung und St\u00e4rkung.<\/p><p>\u00a0<\/p><p>Sie ist Mitautorin der Buchreihe &#8216;Women Gone Wild &#8211; Intuition Edition&#8217;, in der ihre Erfahrung deutlich wird, um Frauen rund um den Globus zu inspirieren und zu erm\u00e4chtigen.\u201c<\/p>\t\t\t\t\t\t\t\t<\/div>\n\t\t\t\t<\/div>\n\t\t\t\t\t<\/div>\n\t\t<\/div>\n\t\t\t\t\t<\/div>\n\t\t<\/section>\n\t\t\t\t<section class=\"elementor-section elementor-top-section elementor-element elementor-element-dd8c95d elementor-section-boxed elementor-section-height-default elementor-section-height-default parallax_section_no qode_elementor_container_no\" data-id=\"dd8c95d\" data-element_type=\"section\">\n\t\t\t\t\t\t<div class=\"elementor-container elementor-column-gap-default\">\n\t\t\t\t\t<div class=\"elementor-column elementor-col-100 elementor-top-column elementor-element elementor-element-4a90af3\" data-id=\"4a90af3\" data-element_type=\"column\">\n\t\t\t<div class=\"elementor-widget-wrap elementor-element-populated\">\n\t\t\t\t\t\t<div class=\"elementor-element elementor-element-387fd15 elementor-widget elementor-widget-video\" data-id=\"387fd15\" data-element_type=\"widget\" data-settings=\"{&quot;youtube_url&quot;:&quot;https:\\\/\\\/youtu.be\\\/-2DXUDSCq_Q&quot;,&quot;video_type&quot;:&quot;youtube&quot;,&quot;controls&quot;:&quot;yes&quot;}\" data-widget_type=\"video.default\">\n\t\t\t\t<div class=\"elementor-widget-container\">\n\t\t\t\t\t\t\t<div class=\"elementor-wrapper elementor-open-inline\">\n\t\t\t<div class=\"elementor-video\"><\/div>\t\t<\/div>\n\t\t\t\t\t\t<\/div>\n\t\t\t\t<\/div>\n\t\t\t\t\t<\/div>\n\t\t<\/div>\n\t\t\t\t\t<\/div>\n\t\t<\/section>\n\t\t\t\t<section class=\"elementor-section elementor-top-section elementor-element elementor-element-d9299d5 elementor-section-boxed elementor-section-height-default elementor-section-height-default parallax_section_no qode_elementor_container_no\" data-id=\"d9299d5\" data-element_type=\"section\">\n\t\t\t\t\t\t<div class=\"elementor-container elementor-column-gap-default\">\n\t\t\t\t\t<div class=\"elementor-column elementor-col-100 elementor-top-column elementor-element elementor-element-c6232ea\" data-id=\"c6232ea\" data-element_type=\"column\">\n\t\t\t<div class=\"elementor-widget-wrap elementor-element-populated\">\n\t\t\t\t\t\t<div class=\"elementor-element elementor-element-653704f elementor-widget elementor-widget-spacer\" data-id=\"653704f\" data-element_type=\"widget\" data-widget_type=\"spacer.default\">\n\t\t\t\t<div class=\"elementor-widget-container\">\n\t\t\t\t\t\t\t<div class=\"elementor-spacer\">\n\t\t\t<div class=\"elementor-spacer-inner\"><\/div>\n\t\t<\/div>\n\t\t\t\t\t\t<\/div>\n\t\t\t\t<\/div>\n\t\t\t\t<div class=\"elementor-element elementor-element-e0e1ea8 elementor-widget elementor-widget-heading\" data-id=\"e0e1ea8\" data-element_type=\"widget\" data-widget_type=\"heading.default\">\n\t\t\t\t<div class=\"elementor-widget-container\">\n\t\t\t\t\t<h4 class=\"elementor-heading-title elementor-size-default\">The Whisper of Awareness in Business and Insight<\/h4>\t\t\t\t<\/div>\n\t\t\t\t<\/div>\n\t\t\t\t<div class=\"elementor-element elementor-element-9dbed03 elementor-widget elementor-widget-heading\" data-id=\"9dbed03\" data-element_type=\"widget\" data-widget_type=\"heading.default\">\n\t\t\t\t<div class=\"elementor-widget-container\">\n\t\t\t\t\t<h6 class=\"elementor-heading-title elementor-size-default\">Beate Nimsky in der Rhonda Swan Show<\/h6>\t\t\t\t<\/div>\n\t\t\t\t<\/div>\n\t\t\t\t<div class=\"elementor-element elementor-element-72ccfc1 elementor-widget elementor-widget-text-editor\" data-id=\"72ccfc1\" data-element_type=\"widget\" data-widget_type=\"text-editor.default\">\n\t\t\t\t<div class=\"elementor-widget-container\">\n\t\t\t\t\t\t\t\t\t<p>Beate Nimsky praktiziert seit \u00fcber drei\u00dfig Jahren Energiearbeit, gesunde Ern\u00e4hrung und Bewusstseinsarbeit. 1986 wechselte sie als Verkaufsleiterin f\u00fcr Bayern zu der Autovermietung interRent.<\/p><p>\u00a0<\/p><p>Mit einem partizipativen und motivierenden F\u00fchrungsstil gelang es ihr, das bestehende Verkaufsteam, das zuvor die geringsten Ums\u00e4tze in Deutschland hatte, innerhalb eines Jahres auf den zweiten Platz zu f\u00fchren und den Umsatz um fast 40 % zu steigern.<\/p><p>\u00a0<\/p><p>1989 entschied sich Beate Nimsky, sich selbstst\u00e4ndig zu machen. Sie wollte den neuen Kurs von interRent nach der Fusion mit Europcar, die sie intern begleitete, trotz des verlockenden Angebots, in die Gesch\u00e4ftsleitung in Hamburg zu wechseln, nicht mitgehen.<\/p><p>\u00a0<\/p><p>Durch die \u201eAuszeit\u201c nach dem Autounfall im Jahr 1987 wurde ihr allm\u00e4hlich klar, dass ihre nat\u00fcrliche F\u00e4higkeit, Menschen zu f\u00fchren, ein Talent war, dem sie sich auf verschiedene Weise bewusst widmen wollte.<\/p><p>\u00a0<\/p><p>Einerseits absolvierte sie im Laufe der Jahre verschiedene F\u00fchrungstrainings, darunter die Mastery University bei Anthony Robbins, das Leadership- und Verkaufsprogramm von Brian Tracy sowie die Ausbildung zur Senior Facilitator bei dem chinesischen Meister Mantak Chia und zur Certified Facilitator bei Access Consciousness. Andererseits erlernte sie den Einsatz pragmatischer Diagnosetools zur Pers\u00f6nlichkeits- und Kompetenzentwicklung, studierte zweieinhalb Jahre neben ihrer Selbstst\u00e4ndigkeit, um ihren Master of Science abzuschlie\u00dfen, und baute nach und nach ihr Unternehmen auf.<\/p><p>\u00a0<\/p><p>Gemeinsam mit ihrem Mann Martin Nimsky gr\u00fcndete sie das \u201eInstitut f\u00fcr Intrinsische Kompetenz\u201c, das es sich zur Aufgabe gemacht hat, Menschen den Zugang zu ihrem innersten Potenzial zu erm\u00f6glichen, Blockaden zu erkennen und aufzul\u00f6sen, damit sie ihr individuelles Talent leben k\u00f6nnen.<\/p><p>\u00a0<\/p><p>Sie wird jedoch nicht nur f\u00fcr F\u00fchrungstrainings zur Entwicklung von Beziehungskompetenz auf C-Level oder f\u00fcr Coaching von Vorstandsmitgliedern gebucht, sondern auch f\u00fcr Strategiekonferenzen, in denen sie Impulse f\u00fcr die Entwicklung von Visionen und Missionen gibt und diese an die Ausrichtung des Unternehmens anpasst und moderiert. Dabei begleitet sie Unternehmen aus unterschiedlichsten Branchen, wie zum Beispiel wei\u00dfe Ware, Automobilindustrie, Maschinenbau, Genossenschaftsbanken und Finanzdienstleister, Immobilien, Gartenbau und Wohnmobile sowie den Lebensmitteleinzelhandel.<\/p><p>\u00a0<\/p><p>Ihr pers\u00f6nliches Motto lautet: BAM \u2013 Business Anders Machen. Integrativ, partizipativ, wertsch\u00e4tzend, fokussiert, erfolgs- und ergebnisorientiert, unterst\u00fctzend und mit viel Spa\u00df und Liebe zum Leben.<\/p>\t\t\t\t\t\t\t\t<\/div>\n\t\t\t\t<\/div>\n\t\t\t\t\t<\/div>\n\t\t<\/div>\n\t\t\t\t\t<\/div>\n\t\t<\/section>\n\t\t\t\t<\/div>","protected":false},"excerpt":{"rendered":"<p>Beate Nimsky, Autorin mehrerer B\u00fccher und anerkannte Seminarleiterin, zeigt mit ansprechender Klarheit, wie dies m\u00f6glich ist und wie W\u00fcnsche wahr werden und Ergebnisse erzielt werden k\u00f6nnen, indem man offene und transformierende Fragen stellt. \u00a0 In ihrer unkomplizierten und heiteren Art verbindet sie anschauliche Geschichten aus&#8230;<\/p>","protected":false},"author":1,"featured_media":0,"parent":0,"menu_order":0,"comment_status":"closed","ping_status":"closed","template":"full_width.php","meta":{"footnotes":""},"class_list":["post-2103","page","type-page","status-publish","hentry"],"_links":{"self":[{"href":"https:\/\/nimskyacademy.com\/de\/wp-json\/wp\/v2\/pages\/2103","targetHints":{"allow":["GET"]}}],"collection":[{"href":"https:\/\/nimskyacademy.com\/de\/wp-json\/wp\/v2\/pages"}],"about":[{"href":"https:\/\/nimskyacademy.com\/de\/wp-json\/wp\/v2\/types\/page"}],"author":[{"embeddable":true,"href":"https:\/\/nimskyacademy.com\/de\/wp-json\/wp\/v2\/users\/1"}],"replies":[{"embeddable":true,"href":"https:\/\/nimskyacademy.com\/de\/wp-json\/wp\/v2\/comments?post=2103"}],"version-history":[{"count":22,"href":"https:\/\/nimskyacademy.com\/de\/wp-json\/wp\/v2\/pages\/2103\/revisions"}],"predecessor-version":[{"id":2590,"href":"https:\/\/nimskyacademy.com\/de\/wp-json\/wp\/v2\/pages\/2103\/revisions\/2590"}],"wp:attachment":[{"href":"https:\/\/nimskyacademy.com\/de\/wp-json\/wp\/v2\/media?parent=2103"}],"curies":[{"name":"wp","href":"https:\/\/api.w.org\/{rel}","templated":true}]}}